{"id":31,"date":"2015-07-03T17:41:19","date_gmt":"2015-07-03T20:41:19","guid":{"rendered":"http:\/\/www.garapa.org\/historias\/?page_id=31"},"modified":"2015-07-03T17:52:47","modified_gmt":"2015-07-03T20:52:47","slug":"duvidas","status":"publish","type":"page","link":"http:\/\/www.garapa.org\/historias\/duvidas\/","title":{"rendered":"D\u00favidas?"},"content":{"rendered":"<p><img data-recalc-dims=\"1\" loading=\"lazy\" decoding=\"async\" data-attachment-id=\"38\" data-permalink=\"http:\/\/www.garapa.org\/historias\/duvidas\/correspondencias-fortaleza-making-of\/\" data-orig-file=\"https:\/\/i0.wp.com\/www.garapa.org\/historias\/wp-content\/uploads\/2015\/07\/GARAPA_20130417_00018.jpg?fit=3000%2C2000\" data-orig-size=\"3000,2000\" data-comments-opened=\"0\" data-image-meta=\"{&quot;aperture&quot;:&quot;5.6&quot;,&quot;credit&quot;:&quot;GARAPA&quot;,&quot;camera&quot;:&quot;Canon EOS 5D Mark II&quot;,&quot;caption&quot;:&quot;Correspondencias. Fortaleza. Making of.&quot;,&quot;created_timestamp&quot;:&quot;1366220822&quot;,&quot;copyright&quot;:&quot;GARAPA&quot;,&quot;focal_length&quot;:&quot;85&quot;,&quot;iso&quot;:&quot;4000&quot;,&quot;shutter_speed&quot;:&quot;0.005&quot;,&quot;title&quot;:&quot;Correspondencias. Fortaleza. Making of.&quot;,&quot;orientation&quot;:&quot;1&quot;}\" data-image-title=\"Correspondencias. Fortaleza. Making of.\" data-image-description=\"\" data-image-caption=\"&lt;p&gt;Correspondencias. Fortaleza. Making of.&lt;\/p&gt;\n\" data-medium-file=\"https:\/\/i0.wp.com\/www.garapa.org\/historias\/wp-content\/uploads\/2015\/07\/GARAPA_20130417_00018.jpg?fit=300%2C200\" data-large-file=\"https:\/\/i0.wp.com\/www.garapa.org\/historias\/wp-content\/uploads\/2015\/07\/GARAPA_20130417_00018.jpg?fit=792%2C528\" class=\"size-large wp-image-38\" src=\"https:\/\/i0.wp.com\/www.garapa.org\/historias\/wp-content\/uploads\/2015\/07\/GARAPA_20130417_00018.jpg?resize=792%2C528\" alt=\"Correspondencias. Fortaleza. Making of.\" width=\"792\" height=\"528\" srcset=\"https:\/\/i0.wp.com\/www.garapa.org\/historias\/wp-content\/uploads\/2015\/07\/GARAPA_20130417_00018.jpg?resize=1024%2C683 1024w, https:\/\/i0.wp.com\/www.garapa.org\/historias\/wp-content\/uploads\/2015\/07\/GARAPA_20130417_00018.jpg?resize=300%2C200 300w, https:\/\/i0.wp.com\/www.garapa.org\/historias\/wp-content\/uploads\/2015\/07\/GARAPA_20130417_00018.jpg?w=1584 1584w, https:\/\/i0.wp.com\/www.garapa.org\/historias\/wp-content\/uploads\/2015\/07\/GARAPA_20130417_00018.jpg?w=2376 2376w\" sizes=\"auto, (max-width: 792px) 100vw, 792px\" \/><\/p>\n<p>&nbsp;<\/p>\n<p><strong>Quem \u00e9 o p\u00fablico do workshop?<\/strong><br \/>\nN\u00e3o existe um perfil definido, basta ter interesse\u00a0pelo campo das artes visuais, da fotografia e do document\u00e1rio.\u00a0Em geral, participam artistas, fot\u00f3grafos, jornalistas, estudantes, ge\u00f3grafos, historiadores etc.<\/p>\n<p><strong>\u00c9 preciso ter experi\u00eancia em alguma \u00e1rea?<\/strong><br \/>\nO grupo de 30 selecionados ser\u00e1 montado de forma a criar um ambiente de troca entre expertises diversas, ent\u00e3o n\u00e3o esperamos conhecimento t\u00e9cnico espec\u00edfico, apenas disposi\u00e7\u00e3o.<\/p>\n<p><strong>Vou aprender a usar algum\u00a0equipamento?<\/strong><br \/>\nO objetivo do workshop n\u00e3o \u00e9 ensinar a usar c\u00e2meras, softwares ou qualquer outra ferramenta, mas estimular a cria\u00e7\u00e3o em coletivo e a reflex\u00e3o sobre a cidade. Quest\u00f5es t\u00e9cnicas ser\u00e3o debatidas pelo grupo \u00e0 medida que surgirem.<\/p>\n<p>&nbsp;<\/p>\n<p>Mais d\u00favidas? Envie\u00a0na caixa de coment\u00e1rios abaixo.<\/p>\n","protected":false},"excerpt":{"rendered":"<p>&nbsp; Quem \u00e9 o p\u00fablico do workshop? N\u00e3o existe um perfil definido, basta ter interesse\u00a0pelo campo das artes visuais, da fotografia e do document\u00e1rio.\u00a0Em geral, participam artistas, fot\u00f3grafos, jornalistas, estudantes, ge\u00f3grafos, historiadores etc. \u00c9 preciso ter experi\u00eancia em alguma \u00e1rea? O grupo de 30 selecionados ser\u00e1 montado de forma a criar um ambiente de troca &hellip; <a href=\"http:\/\/www.garapa.org\/historias\/duvidas\/\" class=\"more-link\">Continue reading <span class=\"screen-reader-text\">D\u00favidas?<\/span><\/a><\/p>\n","protected":false},"author":1,"featured_media":0,"parent":0,"menu_order":4,"comment_status":"open","ping_status":"closed","template":"","meta":{"jetpack_post_was_ever_published":false,"footnotes":""},"class_list":["post-31","page","type-page","status-publish","hentry"],"jetpack_sharing_enabled":true,"jetpack_shortlink":"https:\/\/wp.me\/P6Az11-v","jetpack-related-posts":[{"id":18,"url":"http:\/\/www.garapa.org\/historias\/o-que-e\/","url_meta":{"origin":31,"position":0},"title":"O que \u00e9?","author":"admin","date":"1 de julho de 2015","format":false,"excerpt":"HIST\u00d3RIAS LATENTES \u00e9 um workshop que tem como objetivo\u00a0estimular o pensamento e a produ\u00e7\u00e3o coletiva em\u00a0artes visuais, al\u00e9m de promover a reflex\u00e3o sobre a mem\u00f3ria da cidade e as hist\u00f3rias que se escondem na paisagem. Durante a atividade, um\u00a0grupo de 30 selecionados se transformar\u00e1 em um grande coletivo, e ser\u00e1\u2026","rel":"","context":"Post similar","block_context":{"text":"Post similar","link":""},"img":{"alt_text":"_MG_9281_WK","src":"https:\/\/i0.wp.com\/www.garapa.org\/historias\/wp-content\/uploads\/2015\/07\/MG_9281_WK-1024x683.jpg?resize=350%2C200","width":350,"height":200,"srcset":"https:\/\/i0.wp.com\/www.garapa.org\/historias\/wp-content\/uploads\/2015\/07\/MG_9281_WK-1024x683.jpg?resize=350%2C200 1x, https:\/\/i0.wp.com\/www.garapa.org\/historias\/wp-content\/uploads\/2015\/07\/MG_9281_WK-1024x683.jpg?resize=525%2C300 1.5x, https:\/\/i0.wp.com\/www.garapa.org\/historias\/wp-content\/uploads\/2015\/07\/MG_9281_WK-1024x683.jpg?resize=700%2C400 2x"},"classes":[]},{"id":20,"url":"http:\/\/www.garapa.org\/historias\/quem-faz\/","url_meta":{"origin":31,"position":1},"title":"Quem faz?","author":"admin","date":"1 de julho de 2015","format":false,"excerpt":"Garapa \u00e9 um espa\u00e7o de cria\u00e7\u00e3o coletiva dedicado a pensar e produzir narrativas visuais, integrando distintas linguagens e plataformas. Fundado em 2008 pelos jornalistas e fot\u00f3grafos Leo Caobelli, Paulo Fehlauer e Rodrigo Marcondes, o coletivo desenvolve trabalhos que exploram as fronteiras entre o documental e a fic\u00e7\u00e3o, a fotografia, o\u2026","rel":"","context":"Post similar","block_context":{"text":"Post similar","link":""},"img":{"alt_text":"GARAPA_20130705_ED_00009_baixa","src":"https:\/\/i0.wp.com\/www.garapa.org\/historias\/wp-content\/uploads\/2015\/07\/GARAPA_20130705_ED_00009_baixa-1024x683.jpg?resize=350%2C200","width":350,"height":200,"srcset":"https:\/\/i0.wp.com\/www.garapa.org\/historias\/wp-content\/uploads\/2015\/07\/GARAPA_20130705_ED_00009_baixa-1024x683.jpg?resize=350%2C200 1x, https:\/\/i0.wp.com\/www.garapa.org\/historias\/wp-content\/uploads\/2015\/07\/GARAPA_20130705_ED_00009_baixa-1024x683.jpg?resize=525%2C300 1.5x, https:\/\/i0.wp.com\/www.garapa.org\/historias\/wp-content\/uploads\/2015\/07\/GARAPA_20130705_ED_00009_baixa-1024x683.jpg?resize=700%2C400 2x"},"classes":[]}],"_links":{"self":[{"href":"http:\/\/www.garapa.org\/historias\/wp-json\/wp\/v2\/pages\/31","targetHints":{"allow":["GET"]}}],"collection":[{"href":"http:\/\/www.garapa.org\/historias\/wp-json\/wp\/v2\/pages"}],"about":[{"href":"http:\/\/www.garapa.org\/historias\/wp-json\/wp\/v2\/types\/page"}],"author":[{"embeddable":true,"href":"http:\/\/www.garapa.org\/historias\/wp-json\/wp\/v2\/users\/1"}],"replies":[{"embeddable":true,"href":"http:\/\/www.garapa.org\/historias\/wp-json\/wp\/v2\/comments?post=31"}],"version-history":[{"count":3,"href":"http:\/\/www.garapa.org\/historias\/wp-json\/wp\/v2\/pages\/31\/revisions"}],"predecessor-version":[{"id":40,"href":"http:\/\/www.garapa.org\/historias\/wp-json\/wp\/v2\/pages\/31\/revisions\/40"}],"wp:attachment":[{"href":"http:\/\/www.garapa.org\/historias\/wp-json\/wp\/v2\/media?parent=31"}],"curies":[{"name":"wp","href":"https:\/\/api.w.org\/{rel}","templated":true}]}}