{"id":18,"date":"2015-07-01T18:57:28","date_gmt":"2015-07-01T21:57:28","guid":{"rendered":"http:\/\/www.garapa.org\/historias\/?page_id=18"},"modified":"2015-07-07T14:12:29","modified_gmt":"2015-07-07T17:12:29","slug":"o-que-e","status":"publish","type":"page","link":"http:\/\/www.garapa.org\/historias\/o-que-e\/","title":{"rendered":"O que \u00e9?"},"content":{"rendered":"<p><img data-recalc-dims=\"1\" loading=\"lazy\" decoding=\"async\" data-attachment-id=\"34\" data-permalink=\"http:\/\/www.garapa.org\/historias\/o-que-e\/_mg_9281_wk\/\" data-orig-file=\"https:\/\/i0.wp.com\/www.garapa.org\/historias\/wp-content\/uploads\/2015\/07\/MG_9281_WK.jpg?fit=2657%2C1771\" data-orig-size=\"2657,1771\" data-comments-opened=\"0\" data-image-meta=\"{&quot;aperture&quot;:&quot;0&quot;,&quot;credit&quot;:&quot;&quot;,&quot;camera&quot;:&quot;&quot;,&quot;caption&quot;:&quot;&quot;,&quot;created_timestamp&quot;:&quot;0&quot;,&quot;copyright&quot;:&quot;&quot;,&quot;focal_length&quot;:&quot;0&quot;,&quot;iso&quot;:&quot;0&quot;,&quot;shutter_speed&quot;:&quot;0&quot;,&quot;title&quot;:&quot;&quot;,&quot;orientation&quot;:&quot;0&quot;}\" data-image-title=\"_MG_9281_WK\" data-image-description=\"\" data-image-caption=\"\" data-medium-file=\"https:\/\/i0.wp.com\/www.garapa.org\/historias\/wp-content\/uploads\/2015\/07\/MG_9281_WK.jpg?fit=300%2C200\" data-large-file=\"https:\/\/i0.wp.com\/www.garapa.org\/historias\/wp-content\/uploads\/2015\/07\/MG_9281_WK.jpg?fit=792%2C528\" class=\"alignnone size-large wp-image-34\" src=\"https:\/\/i0.wp.com\/www.garapa.org\/historias\/wp-content\/uploads\/2015\/07\/MG_9281_WK.jpg?resize=792%2C528\" alt=\"_MG_9281_WK\" width=\"792\" height=\"528\" srcset=\"https:\/\/i0.wp.com\/www.garapa.org\/historias\/wp-content\/uploads\/2015\/07\/MG_9281_WK.jpg?resize=1024%2C683 1024w, https:\/\/i0.wp.com\/www.garapa.org\/historias\/wp-content\/uploads\/2015\/07\/MG_9281_WK.jpg?resize=300%2C200 300w, https:\/\/i0.wp.com\/www.garapa.org\/historias\/wp-content\/uploads\/2015\/07\/MG_9281_WK.jpg?w=1584 1584w, https:\/\/i0.wp.com\/www.garapa.org\/historias\/wp-content\/uploads\/2015\/07\/MG_9281_WK.jpg?w=2376 2376w\" sizes=\"auto, (max-width: 792px) 100vw, 792px\" \/><\/p>\n<p>HIST\u00d3RIAS LATENTES \u00e9 um workshop que tem como objetivo\u00a0estimular o pensamento e a produ\u00e7\u00e3o coletiva em\u00a0artes visuais, al\u00e9m de promover a reflex\u00e3o sobre a mem\u00f3ria da cidade e as hist\u00f3rias que se escondem na paisagem.<\/p>\n<p>Durante a atividade, um\u00a0grupo de 30 selecionados se transformar\u00e1 em um grande coletivo, e ser\u00e1 estimulado a trabalhar de forma colaborativa na cria\u00e7\u00e3o de um ensaio multim\u00eddia.<\/p>\n<p>O objetivo pr\u00e1tico do trabalho ser\u00e1 o de realizar um mapeamento afetivo e hist\u00f3rico do entorno da CAIXA Cultural nas 4 cidades por onde passar\u00e1 o projeto (Rio de Janeiro, S\u00e3o Paulo, Curitiba e Salvador), percorrendo caminhos eleitos pelos participantes. O grupo ser\u00e1 estimulado a buscar e mapear \u2013 na paisagem, nos arquivos e nas pessoas \u2013 hist\u00f3rias acumuladas no tempo, resqu\u00edcios de \u00e9pocas passadas, mem\u00f3rias individuais e coletivas, transforma\u00e7\u00f5es na paisagem e nos costumes.<\/p>\n<p><img data-recalc-dims=\"1\" loading=\"lazy\" decoding=\"async\" data-attachment-id=\"52\" data-permalink=\"http:\/\/www.garapa.org\/historias\/o-que-e\/_mg_9254_wk\/\" data-orig-file=\"https:\/\/i0.wp.com\/www.garapa.org\/historias\/wp-content\/uploads\/2015\/07\/MG_9254_WK.jpg?fit=2657%2C1771\" data-orig-size=\"2657,1771\" data-comments-opened=\"0\" data-image-meta=\"{&quot;aperture&quot;:&quot;0&quot;,&quot;credit&quot;:&quot;&quot;,&quot;camera&quot;:&quot;&quot;,&quot;caption&quot;:&quot;&quot;,&quot;created_timestamp&quot;:&quot;0&quot;,&quot;copyright&quot;:&quot;&quot;,&quot;focal_length&quot;:&quot;0&quot;,&quot;iso&quot;:&quot;0&quot;,&quot;shutter_speed&quot;:&quot;0&quot;,&quot;title&quot;:&quot;&quot;,&quot;orientation&quot;:&quot;0&quot;}\" data-image-title=\"\" data-image-description=\"\" data-image-caption=\"\" data-medium-file=\"https:\/\/i0.wp.com\/www.garapa.org\/historias\/wp-content\/uploads\/2015\/07\/MG_9254_WK.jpg?fit=300%2C200\" data-large-file=\"https:\/\/i0.wp.com\/www.garapa.org\/historias\/wp-content\/uploads\/2015\/07\/MG_9254_WK.jpg?fit=792%2C528\" class=\"alignnone size-large wp-image-52\" src=\"https:\/\/i0.wp.com\/www.garapa.org\/historias\/wp-content\/uploads\/2015\/07\/MG_9254_WK.jpg?resize=792%2C528\" alt=\"\" width=\"792\" height=\"528\" srcset=\"https:\/\/i0.wp.com\/www.garapa.org\/historias\/wp-content\/uploads\/2015\/07\/MG_9254_WK.jpg?resize=1024%2C683 1024w, https:\/\/i0.wp.com\/www.garapa.org\/historias\/wp-content\/uploads\/2015\/07\/MG_9254_WK.jpg?resize=300%2C200 300w, https:\/\/i0.wp.com\/www.garapa.org\/historias\/wp-content\/uploads\/2015\/07\/MG_9254_WK.jpg?w=1584 1584w, https:\/\/i0.wp.com\/www.garapa.org\/historias\/wp-content\/uploads\/2015\/07\/MG_9254_WK.jpg?w=2376 2376w\" sizes=\"auto, (max-width: 792px) 100vw, 792px\" \/><\/p>\n<p><a href=\"https:\/\/i0.wp.com\/www.garapa.org\/historias\/wp-content\/uploads\/2015\/07\/GARAPA_20130810_GJ_00039.jpg\"><img data-recalc-dims=\"1\" loading=\"lazy\" decoding=\"async\" data-attachment-id=\"54\" data-permalink=\"http:\/\/www.garapa.org\/historias\/o-que-e\/narrativas-digitais-caixa-cultural-rj\/\" data-orig-file=\"https:\/\/i0.wp.com\/www.garapa.org\/historias\/wp-content\/uploads\/2015\/07\/GARAPA_20130810_GJ_00039.jpg?fit=4000%2C2667\" data-orig-size=\"4000,2667\" data-comments-opened=\"0\" data-image-meta=\"{&quot;aperture&quot;:&quot;5&quot;,&quot;credit&quot;:&quot;GARAPA&quot;,&quot;camera&quot;:&quot;Canon EOS 5D Mark II&quot;,&quot;caption&quot;:&quot;Participantes discutem pautas no workshop Narrativas Digitais, realizado pelo Coletivo Garapa na Caixa Cultural do Rio de Janeiro em 2013.&quot;,&quot;created_timestamp&quot;:&quot;1376159426&quot;,&quot;copyright&quot;:&quot;GARAPA&quot;,&quot;focal_length&quot;:&quot;24&quot;,&quot;iso&quot;:&quot;800&quot;,&quot;shutter_speed&quot;:&quot;0.02&quot;,&quot;title&quot;:&quot;NARRATIVAS DIGITAIS - CAIXA CULTURAL RJ&quot;,&quot;orientation&quot;:&quot;0&quot;}\" data-image-title=\"\" data-image-description=\"\" data-image-caption=\"\" data-medium-file=\"https:\/\/i0.wp.com\/www.garapa.org\/historias\/wp-content\/uploads\/2015\/07\/GARAPA_20130810_GJ_00039.jpg?fit=300%2C200\" data-large-file=\"https:\/\/i0.wp.com\/www.garapa.org\/historias\/wp-content\/uploads\/2015\/07\/GARAPA_20130810_GJ_00039.jpg?fit=792%2C528\" class=\"alignnone size-large wp-image-54\" src=\"https:\/\/i0.wp.com\/www.garapa.org\/historias\/wp-content\/uploads\/2015\/07\/GARAPA_20130810_GJ_00039.jpg?resize=792%2C528\" alt=\"\" width=\"792\" height=\"528\" srcset=\"https:\/\/i0.wp.com\/www.garapa.org\/historias\/wp-content\/uploads\/2015\/07\/GARAPA_20130810_GJ_00039.jpg?resize=1024%2C683 1024w, https:\/\/i0.wp.com\/www.garapa.org\/historias\/wp-content\/uploads\/2015\/07\/GARAPA_20130810_GJ_00039.jpg?resize=300%2C200 300w, https:\/\/i0.wp.com\/www.garapa.org\/historias\/wp-content\/uploads\/2015\/07\/GARAPA_20130810_GJ_00039.jpg?w=1584 1584w, https:\/\/i0.wp.com\/www.garapa.org\/historias\/wp-content\/uploads\/2015\/07\/GARAPA_20130810_GJ_00039.jpg?w=2376 2376w\" sizes=\"auto, (max-width: 792px) 100vw, 792px\" \/><\/a><\/p>\n<p>&nbsp;<\/p>\n<p>Fotos: Wagner Kiyanitza e Gideoni Jr.<\/p>\n<p>&nbsp;<\/p>\n<p><a href=\"http:\/\/www.garapa.org\/historias\/quem-faz\/\">Clique aqui para saber\u00a0mais sobre o Coletivo Garapa<\/a>.<\/p>\n","protected":false},"excerpt":{"rendered":"<p>HIST\u00d3RIAS LATENTES \u00e9 um workshop que tem como objetivo\u00a0estimular o pensamento e a produ\u00e7\u00e3o coletiva em\u00a0artes visuais, al\u00e9m de promover a reflex\u00e3o sobre a mem\u00f3ria da cidade e as hist\u00f3rias que se escondem na paisagem. Durante a atividade, um\u00a0grupo de 30 selecionados se transformar\u00e1 em um grande coletivo, e ser\u00e1 estimulado a trabalhar de forma &hellip; <a href=\"http:\/\/www.garapa.org\/historias\/o-que-e\/\" class=\"more-link\">Continue reading <span class=\"screen-reader-text\">O que \u00e9?<\/span><\/a><\/p>\n","protected":false},"author":1,"featured_media":0,"parent":0,"menu_order":1,"comment_status":"closed","ping_status":"closed","template":"","meta":{"jetpack_post_was_ever_published":false,"footnotes":""},"class_list":["post-18","page","type-page","status-publish","hentry"],"jetpack_sharing_enabled":true,"jetpack_shortlink":"https:\/\/wp.me\/P6Az11-i","jetpack-related-posts":[{"id":31,"url":"http:\/\/www.garapa.org\/historias\/duvidas\/","url_meta":{"origin":18,"position":0},"title":"D\u00favidas?","author":"admin","date":"3 de julho de 2015","format":false,"excerpt":"\u00a0 Quem \u00e9 o p\u00fablico do workshop? N\u00e3o existe um perfil definido, basta ter interesse\u00a0pelo campo das artes visuais, da fotografia e do document\u00e1rio.\u00a0Em geral, participam artistas, fot\u00f3grafos, jornalistas, estudantes, ge\u00f3grafos, historiadores etc. \u00c9 preciso ter experi\u00eancia em alguma \u00e1rea? O grupo de 30 selecionados ser\u00e1 montado de forma a\u2026","rel":"","context":"Com 11 coment\u00e1rios","block_context":{"text":"Com 11 coment\u00e1rios","link":"http:\/\/www.garapa.org\/historias\/duvidas\/#comments"},"img":{"alt_text":"Correspondencias. Fortaleza. Making of.","src":"https:\/\/i0.wp.com\/www.garapa.org\/historias\/wp-content\/uploads\/2015\/07\/GARAPA_20130417_00018-1024x683.jpg?resize=350%2C200","width":350,"height":200,"srcset":"https:\/\/i0.wp.com\/www.garapa.org\/historias\/wp-content\/uploads\/2015\/07\/GARAPA_20130417_00018-1024x683.jpg?resize=350%2C200 1x, https:\/\/i0.wp.com\/www.garapa.org\/historias\/wp-content\/uploads\/2015\/07\/GARAPA_20130417_00018-1024x683.jpg?resize=525%2C300 1.5x, https:\/\/i0.wp.com\/www.garapa.org\/historias\/wp-content\/uploads\/2015\/07\/GARAPA_20130417_00018-1024x683.jpg?resize=700%2C400 2x"},"classes":[]},{"id":20,"url":"http:\/\/www.garapa.org\/historias\/quem-faz\/","url_meta":{"origin":18,"position":1},"title":"Quem faz?","author":"admin","date":"1 de julho de 2015","format":false,"excerpt":"Garapa \u00e9 um espa\u00e7o de cria\u00e7\u00e3o coletiva dedicado a pensar e produzir narrativas visuais, integrando distintas linguagens e plataformas. Fundado em 2008 pelos jornalistas e fot\u00f3grafos Leo Caobelli, Paulo Fehlauer e Rodrigo Marcondes, o coletivo desenvolve trabalhos que exploram as fronteiras entre o documental e a fic\u00e7\u00e3o, a fotografia, o\u2026","rel":"","context":"Post similar","block_context":{"text":"Post similar","link":""},"img":{"alt_text":"GARAPA_20130705_ED_00009_baixa","src":"https:\/\/i0.wp.com\/www.garapa.org\/historias\/wp-content\/uploads\/2015\/07\/GARAPA_20130705_ED_00009_baixa-1024x683.jpg?resize=350%2C200","width":350,"height":200,"srcset":"https:\/\/i0.wp.com\/www.garapa.org\/historias\/wp-content\/uploads\/2015\/07\/GARAPA_20130705_ED_00009_baixa-1024x683.jpg?resize=350%2C200 1x, https:\/\/i0.wp.com\/www.garapa.org\/historias\/wp-content\/uploads\/2015\/07\/GARAPA_20130705_ED_00009_baixa-1024x683.jpg?resize=525%2C300 1.5x, https:\/\/i0.wp.com\/www.garapa.org\/historias\/wp-content\/uploads\/2015\/07\/GARAPA_20130705_ED_00009_baixa-1024x683.jpg?resize=700%2C400 2x"},"classes":[]},{"id":23,"url":"http:\/\/www.garapa.org\/historias\/quando-e-onde\/","url_meta":{"origin":18,"position":2},"title":"Quando e onde?","author":"admin","date":"1 de julho de 2015","format":false,"excerpt":"Rio de Janeiro - RJ CAIXA Cultural Rio de Janeiro de 21 a 26 de julho de 2015 ter\u00e7a a sexta, das 14h \u00e0s 18h s\u00e1bado e domingo, das 10h \u00e0s 17h Inscri\u00e7\u00f5es de 1 a 15 de julho S\u00e3o Paulo - SP CAIXA Cultural S\u00e3o Paulo de 22 a\u2026","rel":"","context":"Post similar","block_context":{"text":"Post similar","link":""},"img":{"alt_text":"","src":"https:\/\/i0.wp.com\/www.garapa.org\/historias\/wp-content\/uploads\/2015\/07\/GARAPA_20130914_GJ_00035-1024x683.jpg?resize=350%2C200","width":350,"height":200,"srcset":"https:\/\/i0.wp.com\/www.garapa.org\/historias\/wp-content\/uploads\/2015\/07\/GARAPA_20130914_GJ_00035-1024x683.jpg?resize=350%2C200 1x, https:\/\/i0.wp.com\/www.garapa.org\/historias\/wp-content\/uploads\/2015\/07\/GARAPA_20130914_GJ_00035-1024x683.jpg?resize=525%2C300 1.5x, https:\/\/i0.wp.com\/www.garapa.org\/historias\/wp-content\/uploads\/2015\/07\/GARAPA_20130914_GJ_00035-1024x683.jpg?resize=700%2C400 2x"},"classes":[]}],"_links":{"self":[{"href":"http:\/\/www.garapa.org\/historias\/wp-json\/wp\/v2\/pages\/18","targetHints":{"allow":["GET"]}}],"collection":[{"href":"http:\/\/www.garapa.org\/historias\/wp-json\/wp\/v2\/pages"}],"about":[{"href":"http:\/\/www.garapa.org\/historias\/wp-json\/wp\/v2\/types\/page"}],"author":[{"embeddable":true,"href":"http:\/\/www.garapa.org\/historias\/wp-json\/wp\/v2\/users\/1"}],"replies":[{"embeddable":true,"href":"http:\/\/www.garapa.org\/historias\/wp-json\/wp\/v2\/comments?post=18"}],"version-history":[{"count":7,"href":"http:\/\/www.garapa.org\/historias\/wp-json\/wp\/v2\/pages\/18\/revisions"}],"predecessor-version":[{"id":55,"href":"http:\/\/www.garapa.org\/historias\/wp-json\/wp\/v2\/pages\/18\/revisions\/55"}],"wp:attachment":[{"href":"http:\/\/www.garapa.org\/historias\/wp-json\/wp\/v2\/media?parent=18"}],"curies":[{"name":"wp","href":"https:\/\/api.w.org\/{rel}","templated":true}]}}